{"id":546,"date":"2020-12-09T11:47:06","date_gmt":"2020-12-09T10:47:06","guid":{"rendered":"https:\/\/aktivdanmark.dk\/aktiv-danmark-forside\/"},"modified":"2020-12-14T11:27:00","modified_gmt":"2020-12-14T10:27:00","slug":"aktiv-danmark-forside","status":"publish","type":"page","link":"https:\/\/aktivdanmark.dk\/de\/","title":{"rendered":"Aktiv Danmark &#8211; Seite"},"content":{"rendered":"\t\t<div data-elementor-type=\"wp-page\" data-elementor-id=\"546\" class=\"elementor elementor-546 elementor-9\" data-elementor-post-type=\"page\">\n\t\t\t\t\t\t<section data-particle_enable=\"false\" data-particle-mobile-disabled=\"false\" class=\"elementor-section elementor-top-section elementor-element elementor-element-747a7c9 elementor-section-full_width elementor-reverse-mobile elementor-section-height-default elementor-section-height-default\" data-id=\"747a7c9\" data-element_type=\"section\" data-e-type=\"section\">\n\t\t\t\t\t\t<div class=\"elementor-container elementor-column-gap-default\">\n\t\t\t\t\t<div class=\"elementor-column elementor-col-50 elementor-top-column elementor-element elementor-element-b9b53f7 elementor-invisible\" data-id=\"b9b53f7\" data-element_type=\"column\" data-e-type=\"column\" data-settings=\"{&quot;animation&quot;:&quot;fadeIn&quot;,&quot;animation_delay&quot;:300}\">\n\t\t\t<div class=\"elementor-widget-wrap elementor-element-populated\">\n\t\t\t\t\t\t<div class=\"elementor-element elementor-element-9eec1bd elementor-widget elementor-widget-heading\" data-id=\"9eec1bd\" data-element_type=\"widget\" data-e-type=\"widget\" data-widget_type=\"heading.default\">\n\t\t\t\t\t<h1 class=\"elementor-heading-title elementor-size-default\">Willkommen zu Aktiv Danmark<\/h1>\t\t\t\t<\/div>\n\t\t\t\t<div class=\"elementor-element elementor-element-e4481dc elementor-widget elementor-widget-text-editor\" data-id=\"e4481dc\" data-element_type=\"widget\" data-e-type=\"widget\" data-widget_type=\"text-editor.default\">\n\t\t\t\t\t\t\t\t\t<p>Sind Sie auf der Suche nach den besten Erlebnisangeboten f\u00fcr Aktivurlaube in D\u00e4nemark? Aktiv Danmark hei\u00dft Sie zu einem einzigartigen Urlaubserlebnis in D\u00e4nemark willkommen.<\/p>\n\t\t\t\t\t\t\t\t<\/div>\n\t\t\t\t\t<\/div>\n\t\t<\/div>\n\t\t\t\t<div class=\"elementor-column elementor-col-50 elementor-top-column elementor-element elementor-element-134d21b elementor-invisible\" data-id=\"134d21b\" data-element_type=\"column\" data-e-type=\"column\" data-settings=\"{&quot;background_background&quot;:&quot;classic&quot;,&quot;motion_fx_motion_fx_scrolling&quot;:&quot;yes&quot;,&quot;motion_fx_translateY_effect&quot;:&quot;yes&quot;,&quot;motion_fx_translateY_speed&quot;:{&quot;unit&quot;:&quot;px&quot;,&quot;size&quot;:1,&quot;sizes&quot;:[]},&quot;motion_fx_translateY_affectedRange&quot;:{&quot;unit&quot;:&quot;%&quot;,&quot;size&quot;:&quot;&quot;,&quot;sizes&quot;:{&quot;start&quot;:50,&quot;end&quot;:100}},&quot;motion_fx_devices&quot;:[&quot;desktop&quot;],&quot;animation&quot;:&quot;fadeInRight&quot;}\">\n\t\t\t<div class=\"elementor-widget-wrap elementor-element-populated\">\n\t\t\t\t\t\t<div class=\"elementor-element elementor-element-76849b6 elementor-widget elementor-widget-spacer\" data-id=\"76849b6\" data-element_type=\"widget\" data-e-type=\"widget\" data-widget_type=\"spacer.default\">\n\t\t\t\t\t\t\t<div class=\"elementor-spacer\">\n\t\t\t<div class=\"elementor-spacer-inner\"><\/div>\n\t\t<\/div>\n\t\t\t\t\t\t<\/div>\n\t\t\t\t\t<\/div>\n\t\t<\/div>\n\t\t\t\t\t<\/div>\n\t\t<\/section>\n\t\t\t\t<section data-particle_enable=\"false\" data-particle-mobile-disabled=\"false\" class=\"elementor-section elementor-top-section elementor-element elementor-element-0f26fed elementor-section-full_width elementor-section-height-default elementor-section-height-default\" data-id=\"0f26fed\" data-element_type=\"section\" data-e-type=\"section\">\n\t\t\t\t\t\t<div class=\"elementor-container elementor-column-gap-default\">\n\t\t\t\t\t<div class=\"make-column-clickable-elementor elementor-column elementor-col-33 elementor-top-column elementor-element elementor-element-9ee7113 elementor-invisible\" style=\"cursor: pointer;\" data-column-clickable=\"\/de\/aktiv-danmark-forside\/bed-und-bike\/\" data-column-clickable-blank=\"_self\" data-id=\"9ee7113\" data-element_type=\"column\" data-e-type=\"column\" data-settings=\"{&quot;background_background&quot;:&quot;classic&quot;,&quot;animation&quot;:&quot;fadeIn&quot;}\">\n\t\t\t<div class=\"elementor-widget-wrap elementor-element-populated\">\n\t\t\t\t\t<div class=\"elementor-background-overlay\"><\/div>\n\t\t\t\t\t\t<div class=\"elementor-element elementor-element-1b7aac9 elementor-widget elementor-widget-heading\" data-id=\"1b7aac9\" data-element_type=\"widget\" data-e-type=\"widget\" data-widget_type=\"heading.default\">\n\t\t\t\t\t<span class=\"elementor-heading-title elementor-size-default\">Bed und Bike<\/span>\t\t\t\t<\/div>\n\t\t\t\t\t<\/div>\n\t\t<\/div>\n\t\t\t\t<div class=\"make-column-clickable-elementor elementor-column elementor-col-33 elementor-top-column elementor-element elementor-element-220d3e3 elementor-invisible\" style=\"cursor: pointer;\" data-column-clickable=\"\/de\/aktiv-danmark-forside\/angeln-fishing-denmark\/\" data-column-clickable-blank=\"_self\" data-id=\"220d3e3\" data-element_type=\"column\" data-e-type=\"column\" data-settings=\"{&quot;background_background&quot;:&quot;classic&quot;,&quot;animation&quot;:&quot;fadeIn&quot;,&quot;animation_delay&quot;:300}\">\n\t\t\t<div class=\"elementor-widget-wrap elementor-element-populated\">\n\t\t\t\t\t<div class=\"elementor-background-overlay\"><\/div>\n\t\t\t\t\t\t<div class=\"elementor-element elementor-element-933dd25 elementor-widget elementor-widget-heading\" data-id=\"933dd25\" data-element_type=\"widget\" data-e-type=\"widget\" data-widget_type=\"heading.default\">\n\t\t\t\t\t<span class=\"elementor-heading-title elementor-size-default\">Angeln - Fishing Denmark<\/span>\t\t\t\t<\/div>\n\t\t\t\t\t<\/div>\n\t\t<\/div>\n\t\t\t\t<div class=\"make-column-clickable-elementor elementor-column elementor-col-33 elementor-top-column elementor-element elementor-element-805638d elementor-invisible\" style=\"cursor: pointer;\" data-column-clickable=\"\/de\/aktiv-danmark-forside\/wandern-walking-denmark\/\" data-column-clickable-blank=\"_self\" data-id=\"805638d\" data-element_type=\"column\" data-e-type=\"column\" data-settings=\"{&quot;background_background&quot;:&quot;classic&quot;,&quot;animation&quot;:&quot;fadeIn&quot;,&quot;animation_delay&quot;:600}\">\n\t\t\t<div class=\"elementor-widget-wrap elementor-element-populated\">\n\t\t\t\t\t<div class=\"elementor-background-overlay\"><\/div>\n\t\t\t\t\t\t<div class=\"elementor-element elementor-element-c53b6d5 elementor-widget elementor-widget-heading\" data-id=\"c53b6d5\" data-element_type=\"widget\" data-e-type=\"widget\" data-widget_type=\"heading.default\">\n\t\t\t\t\t<span class=\"elementor-heading-title elementor-size-default\">Wandern - Walking Denmark<\/span>\t\t\t\t<\/div>\n\t\t\t\t\t<\/div>\n\t\t<\/div>\n\t\t\t\t\t<\/div>\n\t\t<\/section>\n\t\t\t\t<section data-particle_enable=\"false\" data-particle-mobile-disabled=\"false\" class=\"elementor-section elementor-top-section elementor-element elementor-element-80d21a5 elementor-section-full_width elementor-section-height-default elementor-section-height-default\" data-id=\"80d21a5\" data-element_type=\"section\" data-e-type=\"section\">\n\t\t\t\t\t\t<div class=\"elementor-container elementor-column-gap-default\">\n\t\t\t\t\t<div class=\"make-column-clickable-elementor elementor-column elementor-col-33 elementor-top-column elementor-element elementor-element-0949813 elementor-invisible\" style=\"cursor: pointer;\" data-column-clickable=\"\/de\/aktiv-danmark-forside\/golf-denmark\/\" data-column-clickable-blank=\"_self\" data-id=\"0949813\" data-element_type=\"column\" data-e-type=\"column\" data-settings=\"{&quot;background_background&quot;:&quot;classic&quot;,&quot;animation&quot;:&quot;fadeIn&quot;}\">\n\t\t\t<div class=\"elementor-widget-wrap elementor-element-populated\">\n\t\t\t\t\t<div class=\"elementor-background-overlay\"><\/div>\n\t\t\t\t\t\t<div class=\"elementor-element elementor-element-8f0da40 elementor-widget elementor-widget-heading\" data-id=\"8f0da40\" data-element_type=\"widget\" data-e-type=\"widget\" data-widget_type=\"heading.default\">\n\t\t\t\t\t<span class=\"elementor-heading-title elementor-size-default\">Golf Denmark<\/span>\t\t\t\t<\/div>\n\t\t\t\t\t<\/div>\n\t\t<\/div>\n\t\t\t\t<div class=\"make-column-clickable-elementor elementor-column elementor-col-33 elementor-top-column elementor-element elementor-element-53de71a elementor-invisible\" style=\"cursor: pointer;\" data-column-clickable=\"\/de\/aktiv-danmark-forside\/wellness-denmark\/\" data-column-clickable-blank=\"_self\" data-id=\"53de71a\" data-element_type=\"column\" data-e-type=\"column\" data-settings=\"{&quot;background_background&quot;:&quot;classic&quot;,&quot;animation&quot;:&quot;fadeIn&quot;,&quot;animation_delay&quot;:300}\">\n\t\t\t<div class=\"elementor-widget-wrap elementor-element-populated\">\n\t\t\t\t\t<div class=\"elementor-background-overlay\"><\/div>\n\t\t\t\t\t\t<div class=\"elementor-element elementor-element-5704ef1 elementor-widget elementor-widget-heading\" data-id=\"5704ef1\" data-element_type=\"widget\" data-e-type=\"widget\" data-widget_type=\"heading.default\">\n\t\t\t\t\t<span class=\"elementor-heading-title elementor-size-default\">Wellness Denmark<\/span>\t\t\t\t<\/div>\n\t\t\t\t\t<\/div>\n\t\t<\/div>\n\t\t\t\t<div class=\"make-column-clickable-elementor elementor-column elementor-col-33 elementor-top-column elementor-element elementor-element-b9d2337 elementor-invisible\" style=\"cursor: pointer;\" data-column-clickable=\"\/de\/aktiv-danmark-forside\/gastronomi-denmark\/\" data-column-clickable-blank=\"_self\" data-id=\"b9d2337\" data-element_type=\"column\" data-e-type=\"column\" data-settings=\"{&quot;background_background&quot;:&quot;classic&quot;,&quot;animation&quot;:&quot;fadeIn&quot;,&quot;animation_delay&quot;:600}\">\n\t\t\t<div class=\"elementor-widget-wrap elementor-element-populated\">\n\t\t\t\t\t<div class=\"elementor-background-overlay\"><\/div>\n\t\t\t\t\t\t<div class=\"elementor-element elementor-element-e7a95c1 elementor-widget elementor-widget-heading\" data-id=\"e7a95c1\" data-element_type=\"widget\" data-e-type=\"widget\" data-widget_type=\"heading.default\">\n\t\t\t\t\t<span class=\"elementor-heading-title elementor-size-default\">Gastronomi Denmark<\/span>\t\t\t\t<\/div>\n\t\t\t\t\t<\/div>\n\t\t<\/div>\n\t\t\t\t\t<\/div>\n\t\t<\/section>\n\t\t\t\t<\/div>\n\t\t","protected":false},"excerpt":{"rendered":"<p>Willkommen zu Aktiv Danmark Sind Sie auf der Suche nach den besten Erlebnisangeboten f\u00fcr Aktivurlaube in D\u00e4nemark? Aktiv Danmark hei\u00dft Sie zu einem einzigartigen Urlaubserlebnis in D\u00e4nemark willkommen. Bed und Bike Angeln &#8211; Fishing Denmark Wandern &#8211; Walking Denmark Golf Denmark Wellness Denmark Gastronomi Denmark<\/p>\n","protected":false},"author":2,"featured_media":0,"parent":0,"menu_order":109,"comment_status":"closed","ping_status":"closed","template":"elementor_header_footer","meta":{"footnotes":""},"class_list":["post-546","page","type-page","status-publish","hentry"],"yoast_head":"<!-- This site is optimized with the Yoast SEO plugin v27.5 - https:\/\/yoast.com\/product\/yoast-seo-wordpress\/ -->\n<title>Sind Sie auf der Suche nach Aktivurlaub in D\u00e4nemark? | Aktiv D\u00e4nemark<\/title>\n<meta name=\"description\" content=\"Sind Sie auf der Suche nach den besten Erlebnisangeboten f\u00fcr Aktivurlaube in D\u00e4nemark?\" \/>\n<meta name=\"robots\" content=\"index, follow, max-snippet:-1, max-image-preview:large, max-video-preview:-1\" \/>\n<link rel=\"canonical\" href=\"https:\/\/aktivdanmark.dk\/de\/\" \/>\n<meta property=\"og:locale\" content=\"de_DE\" \/>\n<meta property=\"og:type\" content=\"article\" \/>\n<meta property=\"og:title\" content=\"Sind Sie auf der Suche nach Aktivurlaub in D\u00e4nemark? | Aktiv D\u00e4nemark\" \/>\n<meta property=\"og:description\" content=\"Sind Sie auf der Suche nach den besten Erlebnisangeboten f\u00fcr Aktivurlaube in D\u00e4nemark?\" \/>\n<meta property=\"og:url\" content=\"https:\/\/aktivdanmark.dk\/de\/\" \/>\n<meta property=\"og:site_name\" content=\"No Blog Title Set\" \/>\n<meta property=\"article:modified_time\" content=\"2020-12-14T10:27:00+00:00\" \/>\n<meta name=\"twitter:card\" content=\"summary_large_image\" \/>\n<meta name=\"twitter:label1\" content=\"Est. reading time\" \/>\n\t<meta name=\"twitter:data1\" content=\"1 minute\" \/>\n<script type=\"application\/ld+json\" class=\"yoast-schema-graph\">{\"@context\":\"https:\\\/\\\/schema.org\",\"@graph\":[{\"@type\":\"WebPage\",\"@id\":\"https:\\\/\\\/aktivdanmark.dk\\\/de\\\/\",\"url\":\"https:\\\/\\\/aktivdanmark.dk\\\/de\\\/\",\"name\":\"Sind Sie auf der Suche nach Aktivurlaub in D\u00e4nemark? | Aktiv D\u00e4nemark\",\"isPartOf\":{\"@id\":\"https:\\\/\\\/aktivdanmark.dk\\\/#website\"},\"datePublished\":\"2020-12-09T10:47:06+00:00\",\"dateModified\":\"2020-12-14T10:27:00+00:00\",\"description\":\"Sind Sie auf der Suche nach den besten Erlebnisangeboten f\u00fcr Aktivurlaube in D\u00e4nemark?\",\"breadcrumb\":{\"@id\":\"https:\\\/\\\/aktivdanmark.dk\\\/de\\\/#breadcrumb\"},\"inLanguage\":\"de-DE\",\"potentialAction\":[{\"@type\":\"ReadAction\",\"target\":[\"https:\\\/\\\/aktivdanmark.dk\\\/de\\\/\"]}]},{\"@type\":\"BreadcrumbList\",\"@id\":\"https:\\\/\\\/aktivdanmark.dk\\\/de\\\/#breadcrumb\",\"itemListElement\":[{\"@type\":\"ListItem\",\"position\":1,\"name\":\"Hjem\",\"item\":\"https:\\\/\\\/aktivdanmark.dk\\\/de\\\/\"},{\"@type\":\"ListItem\",\"position\":2,\"name\":\"Aktiv Danmark &#8211; Seite\"}]},{\"@type\":\"WebSite\",\"@id\":\"https:\\\/\\\/aktivdanmark.dk\\\/#website\",\"url\":\"https:\\\/\\\/aktivdanmark.dk\\\/\",\"name\":\"No Blog Title Set\",\"description\":\"\",\"potentialAction\":[{\"@type\":\"SearchAction\",\"target\":{\"@type\":\"EntryPoint\",\"urlTemplate\":\"https:\\\/\\\/aktivdanmark.dk\\\/?s={search_term_string}\"},\"query-input\":{\"@type\":\"PropertyValueSpecification\",\"valueRequired\":true,\"valueName\":\"search_term_string\"}}],\"inLanguage\":\"de-DE\"}]}<\/script>\n<!-- \/ Yoast SEO plugin. -->","yoast_head_json":{"title":"Sind Sie auf der Suche nach Aktivurlaub in D\u00e4nemark? | Aktiv D\u00e4nemark","description":"Sind Sie auf der Suche nach den besten Erlebnisangeboten f\u00fcr Aktivurlaube in D\u00e4nemark?","robots":{"index":"index","follow":"follow","max-snippet":"max-snippet:-1","max-image-preview":"max-image-preview:large","max-video-preview":"max-video-preview:-1"},"canonical":"https:\/\/aktivdanmark.dk\/de\/","og_locale":"de_DE","og_type":"article","og_title":"Sind Sie auf der Suche nach Aktivurlaub in D\u00e4nemark? | Aktiv D\u00e4nemark","og_description":"Sind Sie auf der Suche nach den besten Erlebnisangeboten f\u00fcr Aktivurlaube in D\u00e4nemark?","og_url":"https:\/\/aktivdanmark.dk\/de\/","og_site_name":"No Blog Title Set","article_modified_time":"2020-12-14T10:27:00+00:00","twitter_card":"summary_large_image","twitter_misc":{"Est. reading time":"1 minute"},"schema":{"@context":"https:\/\/schema.org","@graph":[{"@type":"WebPage","@id":"https:\/\/aktivdanmark.dk\/de\/","url":"https:\/\/aktivdanmark.dk\/de\/","name":"Sind Sie auf der Suche nach Aktivurlaub in D\u00e4nemark? | Aktiv D\u00e4nemark","isPartOf":{"@id":"https:\/\/aktivdanmark.dk\/#website"},"datePublished":"2020-12-09T10:47:06+00:00","dateModified":"2020-12-14T10:27:00+00:00","description":"Sind Sie auf der Suche nach den besten Erlebnisangeboten f\u00fcr Aktivurlaube in D\u00e4nemark?","breadcrumb":{"@id":"https:\/\/aktivdanmark.dk\/de\/#breadcrumb"},"inLanguage":"de-DE","potentialAction":[{"@type":"ReadAction","target":["https:\/\/aktivdanmark.dk\/de\/"]}]},{"@type":"BreadcrumbList","@id":"https:\/\/aktivdanmark.dk\/de\/#breadcrumb","itemListElement":[{"@type":"ListItem","position":1,"name":"Hjem","item":"https:\/\/aktivdanmark.dk\/de\/"},{"@type":"ListItem","position":2,"name":"Aktiv Danmark &#8211; Seite"}]},{"@type":"WebSite","@id":"https:\/\/aktivdanmark.dk\/#website","url":"https:\/\/aktivdanmark.dk\/","name":"No Blog Title Set","description":"","potentialAction":[{"@type":"SearchAction","target":{"@type":"EntryPoint","urlTemplate":"https:\/\/aktivdanmark.dk\/?s={search_term_string}"},"query-input":{"@type":"PropertyValueSpecification","valueRequired":true,"valueName":"search_term_string"}}],"inLanguage":"de-DE"}]}},"publishpress_future_action":{"enabled":false,"date":"2026-05-08 05:17:42","action":"change-status","newStatus":"draft","terms":[],"taxonomy":"translation_priority","extraData":[]},"publishpress_future_workflow_manual_trigger":{"enabledWorkflows":[]},"_links":{"self":[{"href":"https:\/\/aktivdanmark.dk\/de\/wp-json\/wp\/v2\/pages\/546","targetHints":{"allow":["GET"]}}],"collection":[{"href":"https:\/\/aktivdanmark.dk\/de\/wp-json\/wp\/v2\/pages"}],"about":[{"href":"https:\/\/aktivdanmark.dk\/de\/wp-json\/wp\/v2\/types\/page"}],"author":[{"embeddable":true,"href":"https:\/\/aktivdanmark.dk\/de\/wp-json\/wp\/v2\/users\/2"}],"replies":[{"embeddable":true,"href":"https:\/\/aktivdanmark.dk\/de\/wp-json\/wp\/v2\/comments?post=546"}],"version-history":[{"count":0,"href":"https:\/\/aktivdanmark.dk\/de\/wp-json\/wp\/v2\/pages\/546\/revisions"}],"wp:attachment":[{"href":"https:\/\/aktivdanmark.dk\/de\/wp-json\/wp\/v2\/media?parent=546"}],"curies":[{"name":"wp","href":"https:\/\/api.w.org\/{rel}","templated":true}]}}