{"id":954,"date":"2022-03-08T14:04:14","date_gmt":"2022-03-08T13:04:14","guid":{"rendered":"https:\/\/aktivdanmark.dk\/bettbike-unterkuenfte\/"},"modified":"2023-06-26T17:57:37","modified_gmt":"2023-06-26T15:57:37","slug":"bettbike-unterkuenfte","status":"publish","type":"page","link":"https:\/\/aktivdanmark.dk\/de\/aktiv-danmark-forside\/bed-und-bike\/bettbike-unterkuenfte\/","title":{"rendered":"Bett+Bike Unterk\u00fcnfte"},"content":{"rendered":"\t\t<div data-elementor-type=\"wp-page\" data-elementor-id=\"954\" class=\"elementor elementor-954 elementor-788\" data-elementor-post-type=\"page\">\n\t\t\t\t\t\t<section data-particle_enable=\"false\" data-particle-mobile-disabled=\"false\" class=\"elementor-section elementor-top-section elementor-element elementor-element-86f7bf2 elementor-section-boxed elementor-section-height-default elementor-section-height-default\" data-id=\"86f7bf2\" data-element_type=\"section\" data-e-type=\"section\">\n\t\t\t\t\t\t<div class=\"elementor-container elementor-column-gap-default\">\n\t\t\t\t\t<div class=\"elementor-column elementor-col-100 elementor-top-column elementor-element elementor-element-4f6a0da\" data-id=\"4f6a0da\" data-element_type=\"column\" data-e-type=\"column\">\n\t\t\t<div class=\"elementor-widget-wrap elementor-element-populated\">\n\t\t\t\t\t\t<section data-particle_enable=\"false\" data-particle-mobile-disabled=\"false\" class=\"elementor-section elementor-inner-section elementor-element elementor-element-42c4842 elementor-section-boxed elementor-section-height-default elementor-section-height-default\" data-id=\"42c4842\" data-element_type=\"section\" data-e-type=\"section\">\n\t\t\t\t\t\t<div class=\"elementor-container elementor-column-gap-default\">\n\t\t\t\t\t<div class=\"elementor-column elementor-col-50 elementor-inner-column elementor-element elementor-element-3819f85\" data-id=\"3819f85\" data-element_type=\"column\" data-e-type=\"column\">\n\t\t\t<div class=\"elementor-widget-wrap elementor-element-populated\">\n\t\t\t\t\t\t<div class=\"elementor-element elementor-element-dc1f095 elementor-widget elementor-widget-heading\" data-id=\"dc1f095\" data-element_type=\"widget\" data-e-type=\"widget\" data-widget_type=\"heading.default\">\n\t\t\t\t\t<h1 class=\"elementor-heading-title elementor-size-xl\">Bett + Bike zertifizierte Unterk\u00fcnfte<\/h1>\t\t\t\t<\/div>\n\t\t\t\t<div class=\"elementor-element elementor-element-35bceca elementor-widget elementor-widget-text-editor\" data-id=\"35bceca\" data-element_type=\"widget\" data-e-type=\"widget\" data-widget_type=\"text-editor.default\">\n\t\t\t\t\t\t\t\t\t<p><span style=\"font-size: 16px;\" data-language-for-alternatives=\"de\" data-language-to-translate-into=\"da\" data-phrase-index=\"0\" data-number-of-phrases=\"3\">\u00dcberall in D\u00e4nemark finden Sie Bett + Bike-Unterk\u00fcnfte, die sich ideal f\u00fcr einen Radurlaub eignen.<\/span><\/p><p><span style=\"font-size: 16px;\" data-language-for-alternatives=\"de\" data-language-to-translate-into=\"da\" data-phrase-index=\"2\" data-number-of-phrases=\"3\">Verwenden Sie die Liste unten und planen Sie Ihre Radtour.<\/span><\/p><p><span style=\"font-size: 16px;\" data-language-for-alternatives=\"de\" data-language-to-translate-into=\"da\" data-phrase-index=\"2\" data-number-of-phrases=\"3\">\u00a0<\/span><\/p><p style=\"font-family: Roboto, sans-serif;\">Find Bed und Bike in D<span style=\"color: var( --e-global-color-text ); font-family: Montserrat, sans-serif; font-size: 1rem;\">\u00e4<\/span><span style=\"color: var( --e-global-color-text ); font-size: 1rem;\">nemark:<\/span><\/p><p style=\"font-family: Roboto, sans-serif;\"><a href=\"https:\/\/aktivdanmark.dk\/aktiv-danmark-forside\/cykling\/find-bedbike-overnatning\/\" target=\"_blank\" rel=\"noopener\">https:\/\/aktivdanmark.dk\/aktiv-danmark-forside\/cykling\/find-bedbike-overnatning\/<\/a><\/p><p style=\"font-family: Roboto, sans-serif;\">\u00a0<\/p><p>\u00a0<\/p><p><img decoding=\"async\" src=\"https:\/\/aktivdanmark.dk\/wp-content\/uploads\/2021\/07\/BedBike-logo-PNG-300x109.png\" alt=\"Bed+Bike\" width=\"300\" height=\"109\" \/><\/p>\t\t\t\t\t\t\t\t<\/div>\n\t\t\t\t\t<\/div>\n\t\t<\/div>\n\t\t\t\t<div class=\"elementor-column elementor-col-50 elementor-inner-column elementor-element elementor-element-85c041f\" data-id=\"85c041f\" data-element_type=\"column\" data-e-type=\"column\">\n\t\t\t<div class=\"elementor-widget-wrap elementor-element-populated\">\n\t\t\t\t\t\t<div class=\"elementor-element elementor-element-0577e89 elementor-widget elementor-widget-image\" data-id=\"0577e89\" data-element_type=\"widget\" data-e-type=\"widget\" data-widget_type=\"image.default\">\n\t\t\t\t\t\t\t\t\t\t\t\t\t\t\t<img fetchpriority=\"high\" decoding=\"async\" width=\"700\" height=\"467\" src=\"https:\/\/aktivdanmark.dk\/wp-content\/uploads\/2020\/11\/pexels-philipp-m-100582-700x467.jpg\" class=\"attachment-large size-large wp-image-215\" alt=\"\" srcset=\"https:\/\/aktivdanmark.dk\/wp-content\/uploads\/2020\/11\/pexels-philipp-m-100582-700x467.jpg.webp 700w, https:\/\/aktivdanmark.dk\/wp-content\/uploads\/2020\/11\/pexels-philipp-m-100582-250x167.jpg.webp 250w, https:\/\/aktivdanmark.dk\/wp-content\/uploads\/2020\/11\/pexels-philipp-m-100582-768x512.jpg.webp 768w, https:\/\/aktivdanmark.dk\/wp-content\/uploads\/2020\/11\/pexels-philipp-m-100582-1536x1024.jpg.webp 1536w, https:\/\/aktivdanmark.dk\/wp-content\/uploads\/2020\/11\/pexels-philipp-m-100582-120x80.jpg.webp 120w, https:\/\/aktivdanmark.dk\/wp-content\/uploads\/2020\/11\/pexels-philipp-m-100582.jpg 2000w\" sizes=\"(max-width: 700px) 100vw, 700px\" \/>\t\t\t\t\t\t\t\t\t\t\t\t\t\t\t<\/div>\n\t\t\t\t\t<\/div>\n\t\t<\/div>\n\t\t\t\t\t<\/div>\n\t\t<\/section>\n\t\t\t\t\t<\/div>\n\t\t<\/div>\n\t\t\t\t\t<\/div>\n\t\t<\/section>\n\t\t\t\t<section data-particle_enable=\"false\" data-particle-mobile-disabled=\"false\" class=\"elementor-section elementor-top-section elementor-element elementor-element-7e00e94 elementor-section-boxed elementor-section-height-default elementor-section-height-default\" data-id=\"7e00e94\" data-element_type=\"section\" data-e-type=\"section\">\n\t\t\t\t\t\t<div class=\"elementor-container elementor-column-gap-default\">\n\t\t\t\t\t<div class=\"elementor-column elementor-col-100 elementor-top-column elementor-element elementor-element-722d457\" data-id=\"722d457\" data-element_type=\"column\" data-e-type=\"column\">\n\t\t\t<div class=\"elementor-widget-wrap elementor-element-populated\">\n\t\t\t\t\t\t<div class=\"elementor-element elementor-element-bc51083 elementor-widget elementor-widget-wp-widget-custom_html\" data-id=\"bc51083\" data-element_type=\"widget\" data-e-type=\"widget\" data-widget_type=\"wp-widget-custom_html.default\">\n\t\t\t\t<div class=\"elementor-widget-container\">\n\t\t\t\t\t<div class=\"textwidget custom-html-widget\">\r\n\r\n<\/div>\t\t\t\t<\/div>\n\t\t\t\t<\/div>\n\t\t\t\t\t<\/div>\n\t\t<\/div>\n\t\t\t\t\t<\/div>\n\t\t<\/section>\n\t\t\t\t<\/div>\n\t\t","protected":false},"excerpt":{"rendered":"<p>Bett + Bike zertifizierte Unterk\u00fcnfte \u00dcberall in D\u00e4nemark finden Sie Bett + Bike-Unterk\u00fcnfte, die sich ideal f\u00fcr einen Radurlaub eignen. Verwenden Sie die Liste unten und planen Sie Ihre Radtour. \u00a0 Find Bed und Bike in D\u00e4nemark: https:\/\/aktivdanmark.dk\/aktiv-danmark-forside\/cykling\/find-bedbike-overnatning\/ \u00a0 \u00a0<\/p>\n","protected":false},"author":5,"featured_media":0,"parent":583,"menu_order":65,"comment_status":"closed","ping_status":"closed","template":"elementor_header_footer","meta":{"footnotes":""},"class_list":["post-954","page","type-page","status-publish","hentry"],"yoast_head":"<!-- This site is optimized with the Yoast SEO plugin v27.4 - https:\/\/yoast.com\/product\/yoast-seo-wordpress\/ -->\n<title>Bett+Bike Unterk\u00fcnfte - No Blog Title Set<\/title>\n<meta name=\"description\" content=\"Bett und Bike Unterk\u00fcnfte perfekt f\u00fcr dein Fahrradurlaub.\" \/>\n<meta name=\"robots\" content=\"index, follow, max-snippet:-1, max-image-preview:large, max-video-preview:-1\" \/>\n<link rel=\"canonical\" href=\"https:\/\/aktivdanmark.dk\/aktiv-danmark-forside\/cykling\/find-bedbike-overnatning\/\" \/>\n<meta property=\"og:locale\" content=\"de_DE\" \/>\n<meta property=\"og:type\" content=\"article\" \/>\n<meta property=\"og:title\" content=\"Bett+Bike Unterk\u00fcnfte - No Blog Title Set\" \/>\n<meta property=\"og:description\" content=\"Bett und Bike Unterk\u00fcnfte perfekt f\u00fcr dein Fahrradurlaub.\" \/>\n<meta property=\"og:url\" content=\"https:\/\/aktivdanmark.dk\/aktiv-danmark-forside\/cykling\/find-bedbike-overnatning\/\" \/>\n<meta property=\"og:site_name\" content=\"No Blog Title Set\" \/>\n<meta property=\"article:modified_time\" content=\"2023-06-26T15:57:37+00:00\" \/>\n<meta property=\"og:image\" content=\"https:\/\/aktivdanmark.dk\/wp-content\/uploads\/2021\/07\/BedBike-logo-PNG-300x109.png\" \/>\n<meta name=\"twitter:card\" content=\"summary_large_image\" \/>\n<meta name=\"twitter:label1\" content=\"Est. reading time\" \/>\n\t<meta name=\"twitter:data1\" content=\"1 minute\" \/>\n<script type=\"application\/ld+json\" class=\"yoast-schema-graph\">{\"@context\":\"https:\\\/\\\/schema.org\",\"@graph\":[{\"@type\":\"WebPage\",\"@id\":\"https:\\\/\\\/aktivdanmark.dk\\\/aktiv-danmark-forside\\\/cykling\\\/find-bedbike-overnatning\\\/\",\"url\":\"https:\\\/\\\/aktivdanmark.dk\\\/aktiv-danmark-forside\\\/cykling\\\/find-bedbike-overnatning\\\/\",\"name\":\"Bett+Bike Unterk\u00fcnfte - No Blog Title Set\",\"isPartOf\":{\"@id\":\"https:\\\/\\\/aktivdanmark.dk\\\/#website\"},\"primaryImageOfPage\":{\"@id\":\"https:\\\/\\\/aktivdanmark.dk\\\/aktiv-danmark-forside\\\/cykling\\\/find-bedbike-overnatning\\\/#primaryimage\"},\"image\":{\"@id\":\"https:\\\/\\\/aktivdanmark.dk\\\/aktiv-danmark-forside\\\/cykling\\\/find-bedbike-overnatning\\\/#primaryimage\"},\"thumbnailUrl\":\"https:\\\/\\\/aktivdanmark.dk\\\/wp-content\\\/uploads\\\/2021\\\/07\\\/BedBike-logo-PNG-300x109.png\",\"datePublished\":\"2022-03-08T13:04:14+00:00\",\"dateModified\":\"2023-06-26T15:57:37+00:00\",\"description\":\"Bett und Bike Unterk\u00fcnfte perfekt f\u00fcr dein Fahrradurlaub.\",\"breadcrumb\":{\"@id\":\"https:\\\/\\\/aktivdanmark.dk\\\/aktiv-danmark-forside\\\/cykling\\\/find-bedbike-overnatning\\\/#breadcrumb\"},\"inLanguage\":\"de-DE\",\"potentialAction\":[{\"@type\":\"ReadAction\",\"target\":[\"https:\\\/\\\/aktivdanmark.dk\\\/aktiv-danmark-forside\\\/cykling\\\/find-bedbike-overnatning\\\/\"]}]},{\"@type\":\"ImageObject\",\"inLanguage\":\"de-DE\",\"@id\":\"https:\\\/\\\/aktivdanmark.dk\\\/aktiv-danmark-forside\\\/cykling\\\/find-bedbike-overnatning\\\/#primaryimage\",\"url\":\"https:\\\/\\\/aktivdanmark.dk\\\/wp-content\\\/uploads\\\/2021\\\/07\\\/BedBike-logo-PNG-300x109.png\",\"contentUrl\":\"https:\\\/\\\/aktivdanmark.dk\\\/wp-content\\\/uploads\\\/2021\\\/07\\\/BedBike-logo-PNG-300x109.png\"},{\"@type\":\"BreadcrumbList\",\"@id\":\"https:\\\/\\\/aktivdanmark.dk\\\/aktiv-danmark-forside\\\/cykling\\\/find-bedbike-overnatning\\\/#breadcrumb\",\"itemListElement\":[{\"@type\":\"ListItem\",\"position\":1,\"name\":\"Hjem\",\"item\":\"https:\\\/\\\/aktivdanmark.dk\\\/de\\\/\"},{\"@type\":\"ListItem\",\"position\":2,\"name\":\"Aktiv Danmark &#8211; Seite\",\"item\":\"https:\\\/\\\/aktivdanmark.dk\\\/de\\\/\"},{\"@type\":\"ListItem\",\"position\":3,\"name\":\"Bed und Bike\",\"item\":\"https:\\\/\\\/aktivdanmark.dk\\\/de\\\/aktiv-danmark-forside\\\/bed-und-bike\\\/\"},{\"@type\":\"ListItem\",\"position\":4,\"name\":\"Bett+Bike Unterk\u00fcnfte\"}]},{\"@type\":\"WebSite\",\"@id\":\"https:\\\/\\\/aktivdanmark.dk\\\/#website\",\"url\":\"https:\\\/\\\/aktivdanmark.dk\\\/\",\"name\":\"No Blog Title Set\",\"description\":\"\",\"potentialAction\":[{\"@type\":\"SearchAction\",\"target\":{\"@type\":\"EntryPoint\",\"urlTemplate\":\"https:\\\/\\\/aktivdanmark.dk\\\/?s={search_term_string}\"},\"query-input\":{\"@type\":\"PropertyValueSpecification\",\"valueRequired\":true,\"valueName\":\"search_term_string\"}}],\"inLanguage\":\"de-DE\"}]}<\/script>\n<!-- \/ Yoast SEO plugin. -->","yoast_head_json":{"title":"Bett+Bike Unterk\u00fcnfte - No Blog Title Set","description":"Bett und Bike Unterk\u00fcnfte perfekt f\u00fcr dein Fahrradurlaub.","robots":{"index":"index","follow":"follow","max-snippet":"max-snippet:-1","max-image-preview":"max-image-preview:large","max-video-preview":"max-video-preview:-1"},"canonical":"https:\/\/aktivdanmark.dk\/aktiv-danmark-forside\/cykling\/find-bedbike-overnatning\/","og_locale":"de_DE","og_type":"article","og_title":"Bett+Bike Unterk\u00fcnfte - No Blog Title Set","og_description":"Bett und Bike Unterk\u00fcnfte perfekt f\u00fcr dein Fahrradurlaub.","og_url":"https:\/\/aktivdanmark.dk\/aktiv-danmark-forside\/cykling\/find-bedbike-overnatning\/","og_site_name":"No Blog Title Set","article_modified_time":"2023-06-26T15:57:37+00:00","og_image":[{"url":"https:\/\/aktivdanmark.dk\/wp-content\/uploads\/2021\/07\/BedBike-logo-PNG-300x109.png","type":"","width":"","height":""}],"twitter_card":"summary_large_image","twitter_misc":{"Est. reading time":"1 minute"},"schema":{"@context":"https:\/\/schema.org","@graph":[{"@type":"WebPage","@id":"https:\/\/aktivdanmark.dk\/aktiv-danmark-forside\/cykling\/find-bedbike-overnatning\/","url":"https:\/\/aktivdanmark.dk\/aktiv-danmark-forside\/cykling\/find-bedbike-overnatning\/","name":"Bett+Bike Unterk\u00fcnfte - No Blog Title Set","isPartOf":{"@id":"https:\/\/aktivdanmark.dk\/#website"},"primaryImageOfPage":{"@id":"https:\/\/aktivdanmark.dk\/aktiv-danmark-forside\/cykling\/find-bedbike-overnatning\/#primaryimage"},"image":{"@id":"https:\/\/aktivdanmark.dk\/aktiv-danmark-forside\/cykling\/find-bedbike-overnatning\/#primaryimage"},"thumbnailUrl":"https:\/\/aktivdanmark.dk\/wp-content\/uploads\/2021\/07\/BedBike-logo-PNG-300x109.png","datePublished":"2022-03-08T13:04:14+00:00","dateModified":"2023-06-26T15:57:37+00:00","description":"Bett und Bike Unterk\u00fcnfte perfekt f\u00fcr dein Fahrradurlaub.","breadcrumb":{"@id":"https:\/\/aktivdanmark.dk\/aktiv-danmark-forside\/cykling\/find-bedbike-overnatning\/#breadcrumb"},"inLanguage":"de-DE","potentialAction":[{"@type":"ReadAction","target":["https:\/\/aktivdanmark.dk\/aktiv-danmark-forside\/cykling\/find-bedbike-overnatning\/"]}]},{"@type":"ImageObject","inLanguage":"de-DE","@id":"https:\/\/aktivdanmark.dk\/aktiv-danmark-forside\/cykling\/find-bedbike-overnatning\/#primaryimage","url":"https:\/\/aktivdanmark.dk\/wp-content\/uploads\/2021\/07\/BedBike-logo-PNG-300x109.png","contentUrl":"https:\/\/aktivdanmark.dk\/wp-content\/uploads\/2021\/07\/BedBike-logo-PNG-300x109.png"},{"@type":"BreadcrumbList","@id":"https:\/\/aktivdanmark.dk\/aktiv-danmark-forside\/cykling\/find-bedbike-overnatning\/#breadcrumb","itemListElement":[{"@type":"ListItem","position":1,"name":"Hjem","item":"https:\/\/aktivdanmark.dk\/de\/"},{"@type":"ListItem","position":2,"name":"Aktiv Danmark &#8211; Seite","item":"https:\/\/aktivdanmark.dk\/de\/"},{"@type":"ListItem","position":3,"name":"Bed und Bike","item":"https:\/\/aktivdanmark.dk\/de\/aktiv-danmark-forside\/bed-und-bike\/"},{"@type":"ListItem","position":4,"name":"Bett+Bike Unterk\u00fcnfte"}]},{"@type":"WebSite","@id":"https:\/\/aktivdanmark.dk\/#website","url":"https:\/\/aktivdanmark.dk\/","name":"No Blog Title Set","description":"","potentialAction":[{"@type":"SearchAction","target":{"@type":"EntryPoint","urlTemplate":"https:\/\/aktivdanmark.dk\/?s={search_term_string}"},"query-input":{"@type":"PropertyValueSpecification","valueRequired":true,"valueName":"search_term_string"}}],"inLanguage":"de-DE"}]}},"publishpress_future_action":{"enabled":false,"date":"2026-04-30 13:34:42","action":"change-status","newStatus":"draft","terms":[],"taxonomy":"translation_priority","extraData":[]},"publishpress_future_workflow_manual_trigger":{"enabledWorkflows":[]},"_links":{"self":[{"href":"https:\/\/aktivdanmark.dk\/de\/wp-json\/wp\/v2\/pages\/954","targetHints":{"allow":["GET"]}}],"collection":[{"href":"https:\/\/aktivdanmark.dk\/de\/wp-json\/wp\/v2\/pages"}],"about":[{"href":"https:\/\/aktivdanmark.dk\/de\/wp-json\/wp\/v2\/types\/page"}],"author":[{"embeddable":true,"href":"https:\/\/aktivdanmark.dk\/de\/wp-json\/wp\/v2\/users\/5"}],"replies":[{"embeddable":true,"href":"https:\/\/aktivdanmark.dk\/de\/wp-json\/wp\/v2\/comments?post=954"}],"version-history":[{"count":49,"href":"https:\/\/aktivdanmark.dk\/de\/wp-json\/wp\/v2\/pages\/954\/revisions"}],"predecessor-version":[{"id":5843,"href":"https:\/\/aktivdanmark.dk\/de\/wp-json\/wp\/v2\/pages\/954\/revisions\/5843"}],"up":[{"embeddable":true,"href":"https:\/\/aktivdanmark.dk\/de\/wp-json\/wp\/v2\/pages\/583"}],"wp:attachment":[{"href":"https:\/\/aktivdanmark.dk\/de\/wp-json\/wp\/v2\/media?parent=954"}],"curies":[{"name":"wp","href":"https:\/\/api.w.org\/{rel}","templated":true}]}}